{"id":771,"date":"2025-10-06T12:24:40","date_gmt":"2025-10-06T10:24:40","guid":{"rendered":"https:\/\/www.nadialassen.dk\/?page_id=771"},"modified":"2025-10-08T09:18:02","modified_gmt":"2025-10-08T07:18:02","slug":"online-psykologsamtaler","status":"publish","type":"page","link":"https:\/\/www.nadialassen.dk\/index.php\/online-psykologsamtaler\/","title":{"rendered":"Online psykologsamtaler"},"content":{"rendered":"\n<figure class=\"wp-block-image size-large\"><img loading=\"lazy\" decoding=\"async\" width=\"1024\" height=\"683\" src=\"https:\/\/www.nadialassen.dk\/wp-content\/uploads\/2025\/10\/7A9BA0C3-5A99-4B77-A90D-2A60A388074D-1024x683.png\" alt=\"\" class=\"wp-image-790\" srcset=\"https:\/\/www.nadialassen.dk\/wp-content\/uploads\/2025\/10\/7A9BA0C3-5A99-4B77-A90D-2A60A388074D-1024x683.png 1024w, https:\/\/www.nadialassen.dk\/wp-content\/uploads\/2025\/10\/7A9BA0C3-5A99-4B77-A90D-2A60A388074D-300x200.png 300w, https:\/\/www.nadialassen.dk\/wp-content\/uploads\/2025\/10\/7A9BA0C3-5A99-4B77-A90D-2A60A388074D-768x512.png 768w, https:\/\/www.nadialassen.dk\/wp-content\/uploads\/2025\/10\/7A9BA0C3-5A99-4B77-A90D-2A60A388074D.png 1536w\" sizes=\"(max-width: 1024px) 100vw, 1024px\" \/><\/figure>\n\n\n\n<figure class=\"wp-block-gallery has-nested-images columns-default is-cropped wp-block-gallery-1 is-layout-flex wp-block-gallery-is-layout-flex\"><\/figure>\n\n\n\n<p>Mine f\u00f8rste erfaringer med onlinesamtaler fik jeg under corona, og jeg har v\u00e6ret positivt overrasket over, hvor lidt teknikken kan betyde, n\u00e5r f\u00f8rst kontakten er etableret.<\/p>\n\n\n\n<p>Det er min erfaring at onlinesamtalerne kan v\u00e6re liges\u00e5 hj\u00e6lpsomme som samtaler med fysisk n\u00e6rv\u00e6r. Den erfaring stemmer overens med forskningen indenfor onlinepsykologi, der viser at modtagerne af behandlingen bed\u00f8mmer de mest afg\u00f8rende faktorer i terapi, <em>relation<\/em> og <em>n\u00e6rv\u00e6r<\/em>, lige s\u00e5 st\u00e6rke som i traditionelle samtaler. <br>Klienter fort\u00e6ller, at de oplever onlinebaserede samtaler som b\u00e5de kontaktfulde, gavnlige, fleksible og i nogle tilf\u00e6lde ogs\u00e5 mindre stigmatiserende.<\/p>\n\n\n\n<p>Jeg ved ogs\u00e5, at nogle personer vil foretr\u00e6kke fysisk fremm\u00f8de, men hvis du kan se fordelene ved onlinesamtaler, s\u00e5 er samtaler med mig en mulighed.<\/p>\n\n\n\n<p><strong>Hvad er anderledes?<\/strong><\/p>\n\n\n\n<p>Online terapi er mere fleksibelt, da vi kan v\u00e6re p\u00e5 stor afstand, du skal ikke bruge transporttid, t\u00e6nke p\u00e5 parkering osv. Til geng\u00e6ld kr\u00e6ver det, at du selv finder et roligt rum, hvor du kan tale i fred. Du skal have en mobil, ipad eller computer med fungerende mikrofon og kamera, og gerne h\u00f8retelefoner.<\/p>\n\n\n\n<p>I selve samtalen vil du opleve, at jeg sp\u00f8rger lidt ekstra ind til det, jeg ikke kan se s\u00e5 nemt, n\u00e5r vi ikke er i rum sammen. Det vil typisk v\u00e6re dine non-verbale reaktioner ligesom jeg vil v\u00e6re mere verbal om mine egne non-verbale tegn, da det ogs\u00e5 kan v\u00e6re sv\u00e6rere for dig at tolke mine tegn, n\u00e5r du ikke kan se om jeg skriver, kigger p\u00e5 uret osv.<\/p>\n\n\n\n<p>N\u00e5r jeg som psykolog udf\u00f8rer behandling via onlinekonsultation, er jeg stadigt underlagt g\u00e6ldende ret for psykologer med hensyn til tavshedspligt, faglige standarder, etik og journalisering. <\/p>\n\n\n\n<p><\/p>\n\n\n\n<div class=\"wp-block-media-text is-stacked-on-mobile\"><figure class=\"wp-block-media-text__media\"><img loading=\"lazy\" decoding=\"async\" width=\"683\" height=\"1024\" src=\"https:\/\/www.nadialassen.dk\/wp-content\/uploads\/2025\/10\/spoergsmaalstegnmarcel-strauss-ocAo7MwGfHY-unsplash-683x1024.jpg\" alt=\"\" class=\"wp-image-773 size-full\" srcset=\"https:\/\/www.nadialassen.dk\/wp-content\/uploads\/2025\/10\/spoergsmaalstegnmarcel-strauss-ocAo7MwGfHY-unsplash-683x1024.jpg 683w, https:\/\/www.nadialassen.dk\/wp-content\/uploads\/2025\/10\/spoergsmaalstegnmarcel-strauss-ocAo7MwGfHY-unsplash-200x300.jpg 200w, https:\/\/www.nadialassen.dk\/wp-content\/uploads\/2025\/10\/spoergsmaalstegnmarcel-strauss-ocAo7MwGfHY-unsplash-768x1152.jpg 768w, https:\/\/www.nadialassen.dk\/wp-content\/uploads\/2025\/10\/spoergsmaalstegnmarcel-strauss-ocAo7MwGfHY-unsplash-1024x1536.jpg 1024w, https:\/\/www.nadialassen.dk\/wp-content\/uploads\/2025\/10\/spoergsmaalstegnmarcel-strauss-ocAo7MwGfHY-unsplash-1365x2048.jpg 1365w, https:\/\/www.nadialassen.dk\/wp-content\/uploads\/2025\/10\/spoergsmaalstegnmarcel-strauss-ocAo7MwGfHY-unsplash-scaled.jpg 1707w\" sizes=\"(max-width: 683px) 100vw, 683px\" \/><\/figure><div class=\"wp-block-media-text__content\">\n<p><strong>Hvordan g\u00f8r vi?<\/strong><\/p>\n\n\n\n<p>N\u00e5r du har booket en aftale, sender jeg et link til dig, som du anvender p\u00e5 det aftalte tidspunkt.&nbsp;Forbundelsen er krypteret og sikker.<\/p>\n\n\n\n<p>Du skal s\u00f8rge for at sidde i et uforstyrret lokale, hvor du er alene, s\u00e5 du kan tale frit.<\/p>\n\n\n\n<p>Du kan bruge mobil, ipad eller computer. Du skal have t\u00e6ndt din mikrofon og dit kamera. Og eventuelt bruge h\u00f8retelefoner.<\/p>\n\n\n\n<p>De allerfleste gange g\u00e5r det tekniske nemt, men hvis teknikken driller ringer jeg dig op telefonisk, s\u00e5 vi kan aftale, hvad vi s\u00e5 g\u00f8r.<\/p>\n<\/div><\/div>\n\n\n\n<p><\/p>\n\n\n\n<p><\/p>\n\n\n\n<div class=\"wp-block-buttons is-content-justification-center is-layout-flex wp-container-core-buttons-is-layout-1 wp-block-buttons-is-layout-flex\">\n<div class=\"wp-block-button\"><a class=\"wp-block-button__link wp-element-button\" href=\"https:\/\/system.easypractice.net\/book\/psykolog-nadia-lassen\">Bestil tid <\/a><\/div>\n<\/div>\n\n\n\n<p><\/p>\n\n\n\n<p class=\"has-text-align-center\">60 62 24 80<\/p>\n\n\n\n<p class=\"has-text-align-center\"><a href=\"mailto:psykolognadialassen@protonmail.com\">psykolognadialassen@protonmail.com<\/a><\/p>\n","protected":false},"excerpt":{"rendered":"<p>Mine f\u00f8rste erfaringer med onlinesamtaler fik jeg under corona, og jeg har v\u00e6ret positivt overrasket over, hvor lidt teknikken kan betyde, n\u00e5r f\u00f8rst kontakten er etableret. Det er min erfaring at onlinesamtalerne kan v\u00e6re liges\u00e5 hj\u00e6lpsomme som samtaler med fysisk n\u00e6rv\u00e6r. Den erfaring stemmer overens med forskningen indenfor onlinepsykologi, der viser at modtagerne af behandlingen&hellip;<\/p>\n","protected":false},"author":1,"featured_media":0,"parent":0,"menu_order":0,"comment_status":"closed","ping_status":"closed","template":"","meta":{"footnotes":""},"class_list":["post-771","page","type-page","status-publish","hentry"],"_links":{"self":[{"href":"https:\/\/www.nadialassen.dk\/index.php\/wp-json\/wp\/v2\/pages\/771"}],"collection":[{"href":"https:\/\/www.nadialassen.dk\/index.php\/wp-json\/wp\/v2\/pages"}],"about":[{"href":"https:\/\/www.nadialassen.dk\/index.php\/wp-json\/wp\/v2\/types\/page"}],"author":[{"embeddable":true,"href":"https:\/\/www.nadialassen.dk\/index.php\/wp-json\/wp\/v2\/users\/1"}],"replies":[{"embeddable":true,"href":"https:\/\/www.nadialassen.dk\/index.php\/wp-json\/wp\/v2\/comments?post=771"}],"version-history":[{"count":7,"href":"https:\/\/www.nadialassen.dk\/index.php\/wp-json\/wp\/v2\/pages\/771\/revisions"}],"predecessor-version":[{"id":792,"href":"https:\/\/www.nadialassen.dk\/index.php\/wp-json\/wp\/v2\/pages\/771\/revisions\/792"}],"wp:attachment":[{"href":"https:\/\/www.nadialassen.dk\/index.php\/wp-json\/wp\/v2\/media?parent=771"}],"curies":[{"name":"wp","href":"https:\/\/api.w.org\/{rel}","templated":true}]}}