{"id":585,"date":"2024-08-19T17:27:00","date_gmt":"2024-08-19T15:27:00","guid":{"rendered":"https:\/\/www.nadialassen.dk\/?page_id=585"},"modified":"2024-08-19T18:33:16","modified_gmt":"2024-08-19T16:33:16","slug":"nyttige-links","status":"publish","type":"page","link":"https:\/\/www.nadialassen.dk\/index.php\/nyttige-links\/","title":{"rendered":"Nyttige links"},"content":{"rendered":"\n<p>(Siden er under opbygning)<\/p>\n\n\n\n<p>Hvis du s\u00f8ger en ungdomspsykolog, er det en mulighed at se p\u00e5: <a href=\"http:\/\/ungdomspsykologer.dk\">ungdomspsykologer.dk<\/a><\/p>\n\n\n\n<p><\/p>\n\n\n\n<p>Hvis du \u00f8nsker at l\u00e6se psykologfaglige emner i kortfattede artikler: <a href=\"https:\/\/psykologeridanmark.dk\/viden-om-psykologi\/\">https:\/\/psykologeridanmark.dk\/viden-om-psykologi\/<\/a><\/p>\n\n\n\n<p>Hvis du mangler viden og inspiration til at s\u00e6tte rammerne for dit barns liv p\u00e5 nettet: <a href=\"https:\/\/www.genvej.org\/\">https:\/\/www.genvej.org\/<\/a><\/p>\n\n\n\n<p><\/p>\n\n\n\n<p><\/p>\n","protected":false},"excerpt":{"rendered":"<p>(Siden er under opbygning) Hvis du s\u00f8ger en ungdomspsykolog, er det en mulighed at se p\u00e5: ungdomspsykologer.dk Hvis du \u00f8nsker at l\u00e6se psykologfaglige emner i kortfattede artikler: https:\/\/psykologeridanmark.dk\/viden-om-psykologi\/ Hvis du mangler viden og inspiration til at s\u00e6tte rammerne for dit barns liv p\u00e5 nettet: https:\/\/www.genvej.org\/<\/p>\n","protected":false},"author":1,"featured_media":0,"parent":0,"menu_order":0,"comment_status":"closed","ping_status":"closed","template":"","meta":{"footnotes":""},"class_list":["post-585","page","type-page","status-publish","hentry"],"_links":{"self":[{"href":"https:\/\/www.nadialassen.dk\/index.php\/wp-json\/wp\/v2\/pages\/585"}],"collection":[{"href":"https:\/\/www.nadialassen.dk\/index.php\/wp-json\/wp\/v2\/pages"}],"about":[{"href":"https:\/\/www.nadialassen.dk\/index.php\/wp-json\/wp\/v2\/types\/page"}],"author":[{"embeddable":true,"href":"https:\/\/www.nadialassen.dk\/index.php\/wp-json\/wp\/v2\/users\/1"}],"replies":[{"embeddable":true,"href":"https:\/\/www.nadialassen.dk\/index.php\/wp-json\/wp\/v2\/comments?post=585"}],"version-history":[{"count":2,"href":"https:\/\/www.nadialassen.dk\/index.php\/wp-json\/wp\/v2\/pages\/585\/revisions"}],"predecessor-version":[{"id":588,"href":"https:\/\/www.nadialassen.dk\/index.php\/wp-json\/wp\/v2\/pages\/585\/revisions\/588"}],"wp:attachment":[{"href":"https:\/\/www.nadialassen.dk\/index.php\/wp-json\/wp\/v2\/media?parent=585"}],"curies":[{"name":"wp","href":"https:\/\/api.w.org\/{rel}","templated":true}]}}