{"id":44,"date":"2021-03-30T20:14:10","date_gmt":"2021-03-30T20:14:10","guid":{"rendered":"http:\/\/www.nadialassen.dk\/?page_id=44"},"modified":"2025-10-06T12:10:16","modified_gmt":"2025-10-06T10:10:16","slug":"relationer-og-udvikling","status":"publish","type":"page","link":"https:\/\/www.nadialassen.dk\/","title":{"rendered":"Velkommen"},"content":{"rendered":"\n<div class=\"wp-block-media-text has-media-on-the-right is-stacked-on-mobile\"><div class=\"wp-block-media-text__content\">\n<p><\/p>\n\n\n\n<h2 class=\"wp-block-heading\">Online samtaler med unge og samtaler med for\u00e6ldre<\/h2>\n\n\n\n<p>Mistrives du eller dit barn? Hvis I oplever psykiske vanskeligheder, hvor I ikke selv kan finde vejen frem, s\u00e5 er det en mulighed at f\u00e5 hj\u00e6lp af mig.<\/p>\n\n\n\n<p>I m\u00f8det med jer, vil jeg f\u00f8rst og fremmest v\u00e6gte vores samarbejde om at hj\u00e6lpe dig eller dit barn til st\u00f8rre ro, klarhed, retning, h\u00e5b eller handlekraft.<\/p>\n\n\n\n<p>Unge mennesker kan jeg hj\u00e6lpe direkte gennem samtaleforl\u00f8b. Se mere her: <a href=\"https:\/\/www.nadialassen.dk\/index.php\/ungesamtaler\/\" data-type=\"page\" data-id=\"23\">Er du ung?<\/a><\/p>\n\n\n\n<p>Yngre b\u00f8rn kan jeg hj\u00e6lpe indirekte gennem forl\u00f8b med jer som for\u00e6ldre. Se mere her: <a href=\"https:\/\/www.nadialassen.dk\/index.php\/foraeldresamtaler\/\" data-type=\"page\" data-id=\"22\">Er du for\u00e6lder?<\/a><\/p>\n\n\n\n<div style=\"height:20px\" aria-hidden=\"true\" class=\"wp-block-spacer\"><\/div>\n\n\n\n<ul class=\"wp-block-list\">\n<li><strong>Kort ventetid<\/strong><\/li>\n\n\n\n<li><strong>Specialiseret i b\u00f8rn, unge og relationer<\/strong><\/li>\n\n\n\n<li><strong>Mulighed for tilskud<\/strong> (<a href=\"https:\/\/www.nadialassen.dk\/index.php\/priser-vilkar\/\" data-type=\"page\" data-id=\"21\">Priser og vilk\u00e5r<\/a>)<\/li>\n<\/ul>\n\n\n\n<p><\/p>\n<\/div><figure class=\"wp-block-media-text__media\"><img loading=\"lazy\" decoding=\"async\" width=\"931\" height=\"1024\" src=\"https:\/\/www.nadialassen.dk\/wp-content\/uploads\/2024\/09\/Nadia-portraet-lille-scaled-e1725877298744-931x1024.jpg\" alt=\"\" class=\"wp-image-646 size-full\" srcset=\"https:\/\/www.nadialassen.dk\/wp-content\/uploads\/2024\/09\/Nadia-portraet-lille-scaled-e1725877298744-931x1024.jpg 931w, https:\/\/www.nadialassen.dk\/wp-content\/uploads\/2024\/09\/Nadia-portraet-lille-scaled-e1725877298744-273x300.jpg 273w, https:\/\/www.nadialassen.dk\/wp-content\/uploads\/2024\/09\/Nadia-portraet-lille-scaled-e1725877298744-768x845.jpg 768w, https:\/\/www.nadialassen.dk\/wp-content\/uploads\/2024\/09\/Nadia-portraet-lille-scaled-e1725877298744-1396x1536.jpg 1396w, https:\/\/www.nadialassen.dk\/wp-content\/uploads\/2024\/09\/Nadia-portraet-lille-scaled-e1725877298744-1861x2048.jpg 1861w, https:\/\/www.nadialassen.dk\/wp-content\/uploads\/2024\/09\/Nadia-portraet-lille-scaled-e1725877298744.jpg 1911w\" sizes=\"(max-width: 931px) 100vw, 931px\" \/><\/figure><\/div>\n\n\n\n<div style=\"height:20px\" aria-hidden=\"true\" class=\"wp-block-spacer\"><\/div>\n\n\n\n<div class=\"wp-block-group\"><div class=\"wp-block-group__inner-container is-layout-constrained wp-block-group-is-layout-constrained\">\n<div class=\"wp-block-columns is-layout-flex wp-container-core-columns-is-layout-1 wp-block-columns-is-layout-flex\">\n<div class=\"wp-block-column is-layout-flow wp-block-column-is-layout-flow\" style=\"flex-basis:100%\">\n<div class=\"wp-block-group\"><div class=\"wp-block-group__inner-container is-layout-flow wp-block-group-is-layout-flow\">\n<p class=\"has-text-align-center\"><em>Bestil en tid online eller kontakt mig for n\u00e6rmere information, hvis du \u00f8nsker et forl\u00f8b hos mig.<\/em><\/p>\n\n\n\n<p><\/p>\n<\/div><\/div>\n<\/div>\n<\/div>\n<\/div><\/div>\n\n\n\n<div class=\"wp-block-buttons is-content-justification-center is-layout-flex wp-container-core-buttons-is-layout-1 wp-block-buttons-is-layout-flex\">\n<div class=\"wp-block-button\"><a class=\"wp-block-button__link wp-element-button\" href=\"https:\/\/system.easypractice.net\/book\/psykolog-nadia-lassen\">Bestil tid <\/a><\/div>\n<\/div>\n\n\n\n<p><\/p>\n\n\n\n<p class=\"has-text-align-center\">60 62 24 80<\/p>\n\n\n\n<p class=\"has-text-align-center\"><a href=\"mailto:psykolognadialassen@protonmail.com\">psykolognadialassen@protonmail.com<\/a><\/p>\n\n\n\n<div style=\"height:2px\" aria-hidden=\"true\" class=\"wp-block-spacer\"><\/div>\n\n\n\n<div class=\"wp-block-group\"><div class=\"wp-block-group__inner-container is-layout-flow wp-block-group-is-layout-flow\">\n<div class=\"wp-block-group\"><div class=\"wp-block-group__inner-container is-layout-constrained wp-block-group-is-layout-constrained\">\n<div class=\"wp-block-columns is-layout-flex wp-container-core-columns-is-layout-2 wp-block-columns-is-layout-flex\">\n<div class=\"wp-block-column is-vertically-aligned-top is-layout-flow wp-block-column-is-layout-flow\">\n<p><br><\/p>\n<\/div>\n<\/div>\n\n\n\n<p class=\"has-text-align-left\">Medlem af Dansk Psykolog Forening   <img loading=\"lazy\" decoding=\"async\" width=\"150\" height=\"46\" class=\"wp-image-196\" style=\"width: 150px;\" src=\"http:\/\/www.nadialassen.dk\/wp-content\/uploads\/2024\/08\/DP-LOGO-vector-download.png\" alt=\"\" srcset=\"https:\/\/www.nadialassen.dk\/wp-content\/uploads\/2024\/08\/DP-LOGO-vector-download.png 2377w, https:\/\/www.nadialassen.dk\/wp-content\/uploads\/2024\/08\/DP-LOGO-vector-download-300x93.png 300w, https:\/\/www.nadialassen.dk\/wp-content\/uploads\/2024\/08\/DP-LOGO-vector-download-1024x317.png 1024w, https:\/\/www.nadialassen.dk\/wp-content\/uploads\/2024\/08\/DP-LOGO-vector-download-768x237.png 768w, https:\/\/www.nadialassen.dk\/wp-content\/uploads\/2024\/08\/DP-LOGO-vector-download-1536x475.png 1536w, https:\/\/www.nadialassen.dk\/wp-content\/uploads\/2024\/08\/DP-LOGO-vector-download-2048x633.png 2048w\" sizes=\"(max-width: 150px) 100vw, 150px\" \/><\/p>\n<\/div><\/div>\n<\/div><\/div>\n\n\n\n<p><\/p>\n","protected":false},"excerpt":{"rendered":"<p>Bestil en tid online eller kontakt mig for n\u00e6rmere information, hvis du \u00f8nsker et forl\u00f8b hos mig. 60 62 24 80 psykolognadialassen@protonmail.com Medlem af Dansk Psykolog Forening<\/p>\n","protected":false},"author":1,"featured_media":0,"parent":0,"menu_order":0,"comment_status":"closed","ping_status":"closed","template":"","meta":{"footnotes":""},"class_list":["post-44","page","type-page","status-publish","hentry"],"_links":{"self":[{"href":"https:\/\/www.nadialassen.dk\/index.php\/wp-json\/wp\/v2\/pages\/44"}],"collection":[{"href":"https:\/\/www.nadialassen.dk\/index.php\/wp-json\/wp\/v2\/pages"}],"about":[{"href":"https:\/\/www.nadialassen.dk\/index.php\/wp-json\/wp\/v2\/types\/page"}],"author":[{"embeddable":true,"href":"https:\/\/www.nadialassen.dk\/index.php\/wp-json\/wp\/v2\/users\/1"}],"replies":[{"embeddable":true,"href":"https:\/\/www.nadialassen.dk\/index.php\/wp-json\/wp\/v2\/comments?post=44"}],"version-history":[{"count":96,"href":"https:\/\/www.nadialassen.dk\/index.php\/wp-json\/wp\/v2\/pages\/44\/revisions"}],"predecessor-version":[{"id":784,"href":"https:\/\/www.nadialassen.dk\/index.php\/wp-json\/wp\/v2\/pages\/44\/revisions\/784"}],"wp:attachment":[{"href":"https:\/\/www.nadialassen.dk\/index.php\/wp-json\/wp\/v2\/media?parent=44"}],"curies":[{"name":"wp","href":"https:\/\/api.w.org\/{rel}","templated":true}]}}