{"id":24,"date":"2021-03-30T20:07:20","date_gmt":"2021-03-30T20:07:20","guid":{"rendered":"http:\/\/www.nadialassen.dk\/?page_id=24"},"modified":"2024-10-04T12:05:40","modified_gmt":"2024-10-04T10:05:40","slug":"om-mig","status":"publish","type":"page","link":"https:\/\/www.nadialassen.dk\/index.php\/om-mig\/","title":{"rendered":"Om mig"},"content":{"rendered":"\n<p>Jeg har de seneste 15 \u00e5r v\u00e6ret ansat i P\u00e6dagogisk Psykologisk R\u00e5dgivning med en bred r\u00e6kke opgaver s\u00e5som samtaler med unge, for\u00e6ldrevejledning, supervision, undervisning, p\u00e6dagogisk psykologiske unders\u00f8gelser, skolefrav\u00e6r og koordinatoropgaver.<\/p>\n\n\n\n<p>Jeg er uddannet psykolog (cand. psych.) fra Aarhus Universitet i 2008. Jeg blev autoriseret (cand. psych. aut.) i 2011 ved Psykologn\u00e6vnet (<a href=\"https:\/\/ast.dk\/naevn\/psykolognaevnet\">https:\/\/ast.dk\/naevn\/psykolognaevnet<\/a>).&nbsp;<\/p>\n\n\n\n<p>Jeg har uddannet mig i den 3-\u00e5rige dynamiske korttidsterapi ISTDP. Her kan du l\u00e6se n\u00e6rmere om metoden og finde andre ISTDP-terapeuter (<a href=\"https:\/\/istdp-danmark.dk\/om-istdp\/\">https:\/\/istdp-danmark.dk\/om-istdp\/<\/a>)<\/p>\n\n\n\n<p>Jeg har desuden taget flere kurser i compassionfokuseret terapi og supervision.<\/p>\n\n\n\n<p>Jeg har lang undervisningserfaring med den ressourceorienterede og relationsfokuserede tilgang, ICDP.\u00a0Jeg er uddannet fra Institut for Relationspsykologi (<a href=\"https:\/\/relationspsykologi.dk\/\">https:\/\/relationspsykologi.dk\/<\/a>)<\/p>\n\n\n\n<p>Jeg g\u00e5r op i at holde mig fagligt opdateret og modtager l\u00f8bende uddannelse og supervision. Jeg har s\u00e5ledes flere retninger at tr\u00e6kke p\u00e5, n\u00e5r jeg skal hj\u00e6lpe dig. F\u00e6lles for dem er dog relationens betydning og et fokus p\u00e5 udvikling.&nbsp;<\/p>\n\n\n\n<blockquote class=\"wp-block-quote is-layout-flow wp-block-quote-is-layout-flow\">\n<p>&#8220;Vi f\u00f8des i forbundethed, lider i adskilthed, udvikles i samh\u00f8righed&#8221; Anne-Lise L\u00f8vlie Schibbye<\/p>\n<\/blockquote>\n\n\n\n<p><\/p>\n\n\n\n<p><em>Privat bor jeg i Studstrup med min mand og mine b\u00f8rn, som g\u00e5r p\u00e5 Sk\u00e6ring skole. Det kan v\u00e6re rart at vide, hvis I har tilknytning til samme omr\u00e5de.<\/em><\/p>\n\n\n<div class=\"wp-block-image\">\n<figure class=\"aligncenter size-large is-resized\"><img loading=\"lazy\" decoding=\"async\" width=\"768\" height=\"1024\" src=\"http:\/\/www.nadialassen.dk\/wp-content\/uploads\/2024\/08\/stien-frem-mindre-768x1024.jpg\" alt=\"\" class=\"wp-image-485\" style=\"width:519px;height:auto\" srcset=\"https:\/\/www.nadialassen.dk\/wp-content\/uploads\/2024\/08\/stien-frem-mindre-768x1024.jpg 768w, https:\/\/www.nadialassen.dk\/wp-content\/uploads\/2024\/08\/stien-frem-mindre-225x300.jpg 225w, https:\/\/www.nadialassen.dk\/wp-content\/uploads\/2024\/08\/stien-frem-mindre-1152x1536.jpg 1152w, https:\/\/www.nadialassen.dk\/wp-content\/uploads\/2024\/08\/stien-frem-mindre-1536x2048.jpg 1536w, https:\/\/www.nadialassen.dk\/wp-content\/uploads\/2024\/08\/stien-frem-mindre-scaled.jpg 1920w\" sizes=\"(max-width: 768px) 100vw, 768px\" \/><\/figure><\/div>","protected":false},"excerpt":{"rendered":"<p>Jeg har de seneste 15 \u00e5r v\u00e6ret ansat i P\u00e6dagogisk Psykologisk R\u00e5dgivning med en bred r\u00e6kke opgaver s\u00e5som samtaler med unge, for\u00e6ldrevejledning, supervision, undervisning, p\u00e6dagogisk psykologiske unders\u00f8gelser, skolefrav\u00e6r og koordinatoropgaver. Jeg er uddannet psykolog (cand. psych.) fra Aarhus Universitet i 2008. Jeg blev autoriseret (cand. psych. aut.) i 2011 ved Psykologn\u00e6vnet (https:\/\/ast.dk\/naevn\/psykolognaevnet).&nbsp; Jeg har uddannet&hellip;<\/p>\n","protected":false},"author":1,"featured_media":0,"parent":0,"menu_order":0,"comment_status":"closed","ping_status":"closed","template":"","meta":{"footnotes":""},"class_list":["post-24","page","type-page","status-publish","hentry"],"_links":{"self":[{"href":"https:\/\/www.nadialassen.dk\/index.php\/wp-json\/wp\/v2\/pages\/24"}],"collection":[{"href":"https:\/\/www.nadialassen.dk\/index.php\/wp-json\/wp\/v2\/pages"}],"about":[{"href":"https:\/\/www.nadialassen.dk\/index.php\/wp-json\/wp\/v2\/types\/page"}],"author":[{"embeddable":true,"href":"https:\/\/www.nadialassen.dk\/index.php\/wp-json\/wp\/v2\/users\/1"}],"replies":[{"embeddable":true,"href":"https:\/\/www.nadialassen.dk\/index.php\/wp-json\/wp\/v2\/comments?post=24"}],"version-history":[{"count":19,"href":"https:\/\/www.nadialassen.dk\/index.php\/wp-json\/wp\/v2\/pages\/24\/revisions"}],"predecessor-version":[{"id":754,"href":"https:\/\/www.nadialassen.dk\/index.php\/wp-json\/wp\/v2\/pages\/24\/revisions\/754"}],"wp:attachment":[{"href":"https:\/\/www.nadialassen.dk\/index.php\/wp-json\/wp\/v2\/media?parent=24"}],"curies":[{"name":"wp","href":"https:\/\/api.w.org\/{rel}","templated":true}]}}