{"id":23,"date":"2021-03-30T20:07:20","date_gmt":"2021-03-30T20:07:20","guid":{"rendered":"http:\/\/www.nadialassen.dk\/?page_id=23"},"modified":"2024-09-09T12:29:39","modified_gmt":"2024-09-09T10:29:39","slug":"ungesamtaler","status":"publish","type":"page","link":"https:\/\/www.nadialassen.dk\/index.php\/ungesamtaler\/","title":{"rendered":"Er du ung?"},"content":{"rendered":"\n<p><strong>INDIVIDUELLE SAMTALER (15-30\u00e5r)<\/strong><\/p>\n\n\n\n<p>Hvis du er ung og oplever, at livet b\u00f8vler, og at det ikke er tilstr\u00e6kkelig hj\u00e6lp at tale med dine n\u00e6rmeste, s\u00e5 er det en mulighed at f\u00e5 hj\u00e6lp af mig.&nbsp;<\/p>\n\n\n\n<p>M\u00e5ske det er dine for\u00e6ldre eller andre, der har peget p\u00e5, at det kunne v\u00e6re en ide at tale med mig. Men n\u00e5r du kommer her, s\u00e5 tager vi sammen udgangspunkt i det, der er vigtigt for dig og dine \u00f8nsker for dit liv.&nbsp;<\/p>\n\n\n\n<p>M\u00e5ske du b\u00f8vler med ensomhed, lavt selvv\u00e6rd, identitet, selvkritik, perfektionisme, utilstr\u00e6kkelighed, bekymringer, selvmordstanker eller noget helt andet. Eller m\u00e5ske st\u00e5r diagnoser, skolefrav\u00e6r, angst, depression, k\u00e6resteproblemer eller familierelationer i vejen for din trivsel. Jeg har haft samtaler med mange unge, der har m\u00e6rket livet presse dem h\u00e5rdt, og jeg st\u00e5r klar til at hj\u00e6lpe dig. <\/p>\n\n\n\n<p>I samtalerne vil vi tage udgangspunkt i, hvordan du ser p\u00e5 din livssituation, og hvilke bensp\u00e6nd du oplever, der st\u00e5r i vejen for at leve det liv, du \u00f8nsker. Sammen vil vi finde en vej frem for dig. <\/p>\n\n\n\n<p>M\u00e5ske du synes, det er et stort skridt at skulle tale med en psykolog? For de fleste er det et spring at tage. Og for mange v\u00e6kker det uro at skulle starte et samtaleforl\u00f8b. Jeg bestr\u00e6ber mig p\u00e5 at skabe et trygt rum, hvor vi sammen kan hj\u00e6lpe dig. Og s\u00e5 m\u00e5 uroen eller andre reaktioner gerne v\u00e6re med i rummet, det er helt ok.<\/p>\n\n\n\n<div style=\"height:30px\" aria-hidden=\"true\" class=\"wp-block-spacer\"><\/div>\n\n\n\n<p><em>Bestil en tid online eller kontakt mig for n\u00e6rmere information, hvis du \u00f8nsker et forl\u00f8b hos mig.<\/em><\/p>\n\n\n\n<div style=\"height:20px\" aria-hidden=\"true\" class=\"wp-block-spacer\"><\/div>\n\n\n\n<p><\/p>\n\n\n\n<div class=\"wp-block-buttons is-content-justification-center is-layout-flex wp-container-core-buttons-is-layout-1 wp-block-buttons-is-layout-flex\">\n<div class=\"wp-block-button\"><a class=\"wp-block-button__link has-text-align-left wp-element-button\" href=\"https:\/\/system.easypractice.net\/book\/psykolog-nadia-lassen\">Bestil tid<\/a><\/div>\n<\/div>\n\n\n\n<p class=\"has-text-align-center\"><br>60 62 24 80<\/p>\n\n\n\n<p class=\"has-text-align-center\"><a href=\"mailto:psykolognadialassen@protonmail.com\">psykolognadialassen@protonmail.com<\/a><\/p>\n\n\n<div class=\"wp-block-image\">\n<figure class=\"aligncenter size-large\"><img loading=\"lazy\" decoding=\"async\" width=\"1024\" height=\"576\" src=\"https:\/\/www.nadialassen.dk\/wp-content\/uploads\/2024\/08\/Raekker-ud-efter-hjaelp-edited-1024x576.jpg\" alt=\"\" class=\"wp-image-256\" srcset=\"https:\/\/www.nadialassen.dk\/wp-content\/uploads\/2024\/08\/Raekker-ud-efter-hjaelp-edited-1024x576.jpg 1024w, https:\/\/www.nadialassen.dk\/wp-content\/uploads\/2024\/08\/Raekker-ud-efter-hjaelp-edited-300x169.jpg 300w, https:\/\/www.nadialassen.dk\/wp-content\/uploads\/2024\/08\/Raekker-ud-efter-hjaelp-edited-768x432.jpg 768w, https:\/\/www.nadialassen.dk\/wp-content\/uploads\/2024\/08\/Raekker-ud-efter-hjaelp-edited-1536x864.jpg 1536w, https:\/\/www.nadialassen.dk\/wp-content\/uploads\/2024\/08\/Raekker-ud-efter-hjaelp-edited-2048x1152.jpg 2048w, https:\/\/www.nadialassen.dk\/wp-content\/uploads\/2024\/08\/Raekker-ud-efter-hjaelp-edited-1140x641.jpg 1140w, https:\/\/www.nadialassen.dk\/wp-content\/uploads\/2024\/08\/Raekker-ud-efter-hjaelp-edited-540x304.jpg 540w\" sizes=\"(max-width: 1024px) 100vw, 1024px\" \/><\/figure><\/div>\n\n\n<p><\/p>\n","protected":false},"excerpt":{"rendered":"<p>INDIVIDUELLE SAMTALER (15-30\u00e5r) Hvis du er ung og oplever, at livet b\u00f8vler, og at det ikke er tilstr\u00e6kkelig hj\u00e6lp at tale med dine n\u00e6rmeste, s\u00e5 er det en mulighed at f\u00e5 hj\u00e6lp af mig.&nbsp; M\u00e5ske det er dine for\u00e6ldre eller andre, der har peget p\u00e5, at det kunne v\u00e6re en ide at tale med mig.&hellip;<\/p>\n","protected":false},"author":1,"featured_media":0,"parent":0,"menu_order":0,"comment_status":"closed","ping_status":"closed","template":"","meta":{"footnotes":""},"class_list":["post-23","page","type-page","status-publish","hentry"],"_links":{"self":[{"href":"https:\/\/www.nadialassen.dk\/index.php\/wp-json\/wp\/v2\/pages\/23"}],"collection":[{"href":"https:\/\/www.nadialassen.dk\/index.php\/wp-json\/wp\/v2\/pages"}],"about":[{"href":"https:\/\/www.nadialassen.dk\/index.php\/wp-json\/wp\/v2\/types\/page"}],"author":[{"embeddable":true,"href":"https:\/\/www.nadialassen.dk\/index.php\/wp-json\/wp\/v2\/users\/1"}],"replies":[{"embeddable":true,"href":"https:\/\/www.nadialassen.dk\/index.php\/wp-json\/wp\/v2\/comments?post=23"}],"version-history":[{"count":33,"href":"https:\/\/www.nadialassen.dk\/index.php\/wp-json\/wp\/v2\/pages\/23\/revisions"}],"predecessor-version":[{"id":653,"href":"https:\/\/www.nadialassen.dk\/index.php\/wp-json\/wp\/v2\/pages\/23\/revisions\/653"}],"wp:attachment":[{"href":"https:\/\/www.nadialassen.dk\/index.php\/wp-json\/wp\/v2\/media?parent=23"}],"curies":[{"name":"wp","href":"https:\/\/api.w.org\/{rel}","templated":true}]}}