{"id":22,"date":"2021-03-30T20:07:20","date_gmt":"2021-03-30T20:07:20","guid":{"rendered":"http:\/\/www.nadialassen.dk\/?page_id=22"},"modified":"2024-08-18T18:48:30","modified_gmt":"2024-08-18T18:48:30","slug":"foraeldresamtaler","status":"publish","type":"page","link":"https:\/\/www.nadialassen.dk\/index.php\/foraeldresamtaler\/","title":{"rendered":"Er du for\u00e6lder?"},"content":{"rendered":"\n<p><strong>FOR\u00c6LDRESAMTALER<\/strong><\/p>\n\n\n\n<p>Alle for\u00e6ldre oplever indimellem, at samspillet med vores b\u00f8rn g\u00e5r sk\u00e6vt. Ofte kan vi finde den gode vej ved egen kraft, men indimellem kan vi have behov for hj\u00e6lp udefra. Den hj\u00e6lp kan jeg tilbyde.<\/p>\n\n\n\n<p>For\u00e6ldre s\u00e5vel som b\u00f8rn g\u00f8r det bedste, de kan ud fra deres foruds\u00e6tninger. Men som voksne har vi et s\u00e6rligt ansvar for at \u00e6ndre p\u00e5 det, som st\u00e5r i vejen for vores b\u00f8rns trivsel. S\u00e5 hvis jeres barn mistrives, og I \u00f8nsker hj\u00e6lp af mig til \u00e6ndre situationen, vil jeg altid \u201cinvitere jer i arbejdst\u00f8jet\u201d sammen med mig. Forandringen hos b\u00f8rn m\u00e5 ske gennem de voksne. Og ofte kan mindre \u00e6ndringer hos de voksne skabe store forandringer for b\u00f8rnene og i hele familiens hverdag.<\/p>\n\n\n\n<p>M\u00e5ske dit barn har en diagnose som autisme eller ADHD. M\u00e5ske dit barn har angst eller udadreagerende adf\u00e6rd. M\u00e5ske konfliktniveauet generelt bare er h\u00f8jt hjemme hos jer. Det kan v\u00e6re, at du f\u00f8ler dig magtesl\u00f8s og har brug for sparring til at komme p\u00e5 rette spor for jeres familie.<\/p>\n\n\n\n<p>Jeg har s\u00e6rligt god erfaring med en relations- og ressourceorienteret tilgang, hvor fokus er p\u00e5 at \u00f8ge det positive samspil mellem for\u00e6ldre og b\u00f8rn. Det medvirker til at skabe bedre samspil i familien, \u00f8get trivsel hos barnet og \u00f8get mestring hos jer som for\u00e6ldre.<\/p>\n\n\n\n<p>Hvis du \u00f8nsker hj\u00e6lp til at hj\u00e6lpe dit barn, vil vi sammen unders\u00f8ge, hvad der mon st\u00e5r i vejen og derfra aftale hvilke skridt, vi skal tage, for at du\/I kan n\u00e5 jeres m\u00e5l som for\u00e6ldre.<\/p>\n\n\n\n<ul class=\"wp-block-list\">\n<li>M\u00e5ske du mangler viden om b\u00f8rn eller om relationer?<\/li>\n\n\n\n<li>M\u00e5ske du har brug for sparring til jeres konkrete hverdag?<\/li>\n\n\n\n<li>M\u00e5ske du har brug for at se p\u00e5 din egne relationserfaringer?<\/li>\n\n\n\n<li>M\u00e5ske du mangler at f\u00e5 mere ro p\u00e5?<\/li>\n\n\n\n<li>M\u00e5ske du\u2026?<\/li>\n<\/ul>\n\n\n\n<p><\/p>\n\n\n\n<p>Vi vil sammen finde dine m\u00e5l, og herudfra vil jeg tilpasse hj\u00e6lpen til dig\/jer.<\/p>\n\n\n\n<p><\/p>\n\n\n\n<p><em>Bestil en tid online eller kontakt mig for n\u00e6rmere information, hvis du \u00f8nsker et forl\u00f8b hos mig.<\/em><br><\/p>\n\n\n\n<div style=\"height:30px\" aria-hidden=\"true\" class=\"wp-block-spacer\"><\/div>\n\n\n\n<div class=\"wp-block-buttons is-content-justification-center is-layout-flex wp-container-core-buttons-is-layout-1 wp-block-buttons-is-layout-flex\">\n<div class=\"wp-block-button\"><a class=\"wp-block-button__link wp-element-button\" href=\"https:\/\/system.easypractice.net\/book\/psykolog-nadia-lassen\">Bestil tid<\/a><\/div>\n<\/div>\n\n\n\n<div style=\"height:30px\" aria-hidden=\"true\" class=\"wp-block-spacer\"><\/div>\n\n\n\n<p class=\"has-text-align-center\">60 62 24 80<\/p>\n\n\n\n<p class=\"has-text-align-center\"><a href=\"mailto:psykolognadialassen@protonmail.com\">psykolognadialassen@protonmail.com<\/a><\/p>\n\n\n\n<div style=\"height:20px\" aria-hidden=\"true\" class=\"wp-block-spacer\"><\/div>\n\n\n\n<figure class=\"wp-block-image size-large\"><img loading=\"lazy\" decoding=\"async\" width=\"2560\" height=\"1439\" src=\"https:\/\/www.nadialassen.dk\/wp-content\/uploads\/2024\/08\/foraeldre-og-barn-edited-scaled.jpg\" alt=\"\" class=\"wp-image-258\" srcset=\"https:\/\/www.nadialassen.dk\/wp-content\/uploads\/2024\/08\/foraeldre-og-barn-edited-scaled.jpg 2560w, https:\/\/www.nadialassen.dk\/wp-content\/uploads\/2024\/08\/foraeldre-og-barn-edited-300x169.jpg 300w, https:\/\/www.nadialassen.dk\/wp-content\/uploads\/2024\/08\/foraeldre-og-barn-edited-1024x576.jpg 1024w, https:\/\/www.nadialassen.dk\/wp-content\/uploads\/2024\/08\/foraeldre-og-barn-edited-768x432.jpg 768w, https:\/\/www.nadialassen.dk\/wp-content\/uploads\/2024\/08\/foraeldre-og-barn-edited-1536x863.jpg 1536w, https:\/\/www.nadialassen.dk\/wp-content\/uploads\/2024\/08\/foraeldre-og-barn-edited-2048x1151.jpg 2048w, https:\/\/www.nadialassen.dk\/wp-content\/uploads\/2024\/08\/foraeldre-og-barn-edited-1140x641.jpg 1140w, https:\/\/www.nadialassen.dk\/wp-content\/uploads\/2024\/08\/foraeldre-og-barn-edited-540x304.jpg 540w\" sizes=\"(max-width: 2560px) 100vw, 2560px\" \/><\/figure>\n","protected":false},"excerpt":{"rendered":"<p>FOR\u00c6LDRESAMTALER Alle for\u00e6ldre oplever indimellem, at samspillet med vores b\u00f8rn g\u00e5r sk\u00e6vt. Ofte kan vi finde den gode vej ved egen kraft, men indimellem kan vi have behov for hj\u00e6lp udefra. Den hj\u00e6lp kan jeg tilbyde. For\u00e6ldre s\u00e5vel som b\u00f8rn g\u00f8r det bedste, de kan ud fra deres foruds\u00e6tninger. Men som voksne har vi et&hellip;<\/p>\n","protected":false},"author":1,"featured_media":0,"parent":0,"menu_order":0,"comment_status":"closed","ping_status":"closed","template":"","meta":{"footnotes":""},"class_list":["post-22","page","type-page","status-publish","hentry"],"_links":{"self":[{"href":"https:\/\/www.nadialassen.dk\/index.php\/wp-json\/wp\/v2\/pages\/22"}],"collection":[{"href":"https:\/\/www.nadialassen.dk\/index.php\/wp-json\/wp\/v2\/pages"}],"about":[{"href":"https:\/\/www.nadialassen.dk\/index.php\/wp-json\/wp\/v2\/types\/page"}],"author":[{"embeddable":true,"href":"https:\/\/www.nadialassen.dk\/index.php\/wp-json\/wp\/v2\/users\/1"}],"replies":[{"embeddable":true,"href":"https:\/\/www.nadialassen.dk\/index.php\/wp-json\/wp\/v2\/comments?post=22"}],"version-history":[{"count":25,"href":"https:\/\/www.nadialassen.dk\/index.php\/wp-json\/wp\/v2\/pages\/22\/revisions"}],"predecessor-version":[{"id":546,"href":"https:\/\/www.nadialassen.dk\/index.php\/wp-json\/wp\/v2\/pages\/22\/revisions\/546"}],"wp:attachment":[{"href":"https:\/\/www.nadialassen.dk\/index.php\/wp-json\/wp\/v2\/media?parent=22"}],"curies":[{"name":"wp","href":"https:\/\/api.w.org\/{rel}","templated":true}]}}