{"id":21,"date":"2021-03-30T20:07:20","date_gmt":"2021-03-30T20:07:20","guid":{"rendered":"http:\/\/www.nadialassen.dk\/?page_id=21"},"modified":"2025-10-06T12:03:37","modified_gmt":"2025-10-06T10:03:37","slug":"priser-vilkar","status":"publish","type":"page","link":"https:\/\/www.nadialassen.dk\/index.php\/priser-vilkar\/","title":{"rendered":"Priser og vilk\u00e5r"},"content":{"rendered":"\n<h2 class=\"wp-block-heading\">Priser<\/h2>\n\n\n\n<p>F\u00f8rste samtale (50min) 500kr<\/p>\n\n\n\n<p>Online individuel samtale 15-30 \u00e5r (50min) <mark style=\"background-color:#ffffff\" class=\"has-inline-color\">1000kr<\/mark><\/p>\n\n\n\n<p>Online for\u00e6ldresamtaler 1-2 for\u00e6ldre (50min) <mark style=\"background-color:#ffffff\" class=\"has-inline-color has-black-color\">1000kr<\/mark><\/p>\n\n\n\n<p>Supervison\/ Opl\u00e6g\/ Undervisning: Kontakt mig for n\u00e6rmere aftale om indhold, form og pris.<\/p>\n\n\n\n<p><\/p>\n\n\n\n<h2 class=\"wp-block-heading\">Afbud og tilskud<\/h2>\n\n\n\n<p><em>Afbudsregler:<\/em> Ved afbud senere end 24 timer f\u00f8r aftalen betales det fulde bel\u00f8b. Afbud modtages p\u00e5 sms p\u00e5 60 62 24 80<\/p>\n\n\n\n<p><em>Henvisning fra egen l\u00e6ge:<\/em> Jeg har ikke ydernummer, s\u00e5 henvisning fra egen l\u00e6ge kan ikke bruges hos mig.<\/p>\n\n\n\n<p><em>Sygesikring Danmark:<\/em> Hvis du er medlem af Sygesikring Danmark, kan du f\u00e5 tilskud. Se mere her: <a href=\"https:\/\/www.sygeforsikring.dk\/tilskud\/psykologhjaelp\">https:\/\/www.sygeforsikring.dk\/tilskud\/psykologhjaelp<\/a><\/p>\n\n\n\n<p><em>Sundhedsforsikring<\/em>: Hvis du har en sundhedsforsikring, vil der i nogle tilf\u00e6lde v\u00e6re mulighed for for frit valg af autoriseret psykolog. S\u00e5 har du mulighed for at v\u00e6lge mig. Kontakt din sundhedsforsikring for at h\u00f8re om dine vilk\u00e5r.<\/p>\n\n\n\n<h2 class=\"wp-block-heading\">Samtykke<\/h2>\n\n\n\n<p>Ved samtaleforl\u00f8b for unge under 18 \u00e5r skal begge for\u00e6ldre samtykke til behandlingen. Hvis for\u00e6ldrene er gift kr\u00e6ver det blot mundtligt samtykke. Ved delt for\u00e6ldremyndighed kr\u00e6ves samtykke fra begge. Ved fuld for\u00e6ldremyndighed kan for\u00e6ldremyndighedsindehaveren samtykke alene.<\/p>\n\n\n\n<h2 class=\"wp-block-heading\">Tavshedspligt<\/h2>\n\n\n\n<p>Som udgangspunkt har jeg som psykolog tavshedspligt i det terapeutiske rum. Der er dog undtagelser. Tavshedspligten forsvinder, hvis jeg f\u00e5r kendskab til klare intentioner om at skade sig eller andre. <br>For unge mellem 15 og 18 \u00e5r skal den unge give samtykke til at informationer videregives til for\u00e6ldre.<\/p>\n\n\n\n<p>Som psykolog har jeg underretningspligt i forhold til unge under 18 \u00e5r, hvis den unge lever under forhold, der bringer hans\/hendes sundhed eller udvikling i fare. Underretningen b\u00f8r laves sammen med for\u00e6ldrene, medmindre det vurderes at v\u00e6re mere skadeligt end gavnligt for den unge.<\/p>\n\n\n\n<p>Autoriserede psykologer skal f\u00f8re ordnede journalnotater, som gemmes i 5 \u00e5r. Unge mellem 15 og 18 \u00e5r skal samtykke for at for\u00e6ldre f\u00e5r journalindsigt.<\/p>\n\n\n\n<p><\/p>\n","protected":false},"excerpt":{"rendered":"<p>Priser F\u00f8rste samtale (50min) 500kr Online individuel samtale 15-30 \u00e5r (50min) 1000kr Online for\u00e6ldresamtaler 1-2 for\u00e6ldre (50min) 1000kr Supervison\/ Opl\u00e6g\/ Undervisning: Kontakt mig for n\u00e6rmere aftale om indhold, form og pris. Afbud og tilskud Afbudsregler: Ved afbud senere end 24 timer f\u00f8r aftalen betales det fulde bel\u00f8b. Afbud modtages p\u00e5 sms p\u00e5 60 62 24&hellip;<\/p>\n","protected":false},"author":1,"featured_media":0,"parent":0,"menu_order":0,"comment_status":"closed","ping_status":"closed","template":"","meta":{"footnotes":""},"class_list":["post-21","page","type-page","status-publish","hentry"],"_links":{"self":[{"href":"https:\/\/www.nadialassen.dk\/index.php\/wp-json\/wp\/v2\/pages\/21"}],"collection":[{"href":"https:\/\/www.nadialassen.dk\/index.php\/wp-json\/wp\/v2\/pages"}],"about":[{"href":"https:\/\/www.nadialassen.dk\/index.php\/wp-json\/wp\/v2\/types\/page"}],"author":[{"embeddable":true,"href":"https:\/\/www.nadialassen.dk\/index.php\/wp-json\/wp\/v2\/users\/1"}],"replies":[{"embeddable":true,"href":"https:\/\/www.nadialassen.dk\/index.php\/wp-json\/wp\/v2\/comments?post=21"}],"version-history":[{"count":39,"href":"https:\/\/www.nadialassen.dk\/index.php\/wp-json\/wp\/v2\/pages\/21\/revisions"}],"predecessor-version":[{"id":778,"href":"https:\/\/www.nadialassen.dk\/index.php\/wp-json\/wp\/v2\/pages\/21\/revisions\/778"}],"wp:attachment":[{"href":"https:\/\/www.nadialassen.dk\/index.php\/wp-json\/wp\/v2\/media?parent=21"}],"curies":[{"name":"wp","href":"https:\/\/api.w.org\/{rel}","templated":true}]}}